{"id":125426,"date":"2022-04-12T16:37:12","date_gmt":"2022-04-12T13:37:12","guid":{"rendered":"https:\/\/talsuriepas.lv\/?page_id=125426"},"modified":"2022-04-12T17:26:52","modified_gmt":"2022-04-12T14:26:52","slug":"nomaksa","status":"publish","type":"page","link":"https:\/\/talsuriepas.lv\/en\/nomaksa\/","title":{"rendered":"Nomaksa"},"content":{"rendered":"<p><img loading=\"lazy\" decoding=\"async\" class=\"alignnone size-full wp-image-125434\" src=\"https:\/\/talsuriepas.lv\/wp-content\/uploads\/2022\/04\/Talsu_Esto_banner-1-final.png\" alt=\"\" width=\"1920\" height=\"675\" srcset=\"https:\/\/talsuriepas.lv\/wp-content\/uploads\/2022\/04\/Talsu_Esto_banner-1-final.png 1920w, https:\/\/talsuriepas.lv\/wp-content\/uploads\/2022\/04\/Talsu_Esto_banner-1-final-300x105.png 300w, https:\/\/talsuriepas.lv\/wp-content\/uploads\/2022\/04\/Talsu_Esto_banner-1-final-1024x360.png 1024w, https:\/\/talsuriepas.lv\/wp-content\/uploads\/2022\/04\/Talsu_Esto_banner-1-final-768x270.png 768w, https:\/\/talsuriepas.lv\/wp-content\/uploads\/2022\/04\/Talsu_Esto_banner-1-final-1536x540.png 1536w\" sizes=\"auto, (max-width: 1920px) 100vw, 1920px\" \/><\/p>\n<p>P\u0113rc t\u016bl\u012bt, bet maks\u0101 v\u0113l\u0101k!<\/p>\n<p>Lai padar\u012btu iepirk\u0161anos m\u016bsu internetveikal\u0101 \u0113rt\u0101ku un pieejam\u0101ku ikvienam, pied\u0101v\u0101jam ESTO NOMAKSAS iesp\u0113ju! <b>ESTO<\/b> ir inovat\u012bvs un strauji augo\u0161s maks\u0101jumu un nomaksas risin\u0101jumu sniedz\u0113js ar liel\u0101ko partneru t\u012bklu vis\u0101 Baltij\u0101.<\/p>\n<p>Pakalpojumu var izmantot sev piem\u0113rot\u0101kaj\u0101 veid\u0101:<\/p>\n<h2>ESTO \u2013 p\u0113rc tagad, maks\u0101 v\u0113l\u0101k!<\/h2>\n<p><strong>Maks\u0101 v\u0113l\u0101k<\/strong> \u2013 Jums tiek dots 30 dienu ilgs papildu laiks, lai samaks\u0101tu. Ieg\u0101d\u0101jieties preci vai pakalpojumu uzreiz un maks\u0101jiet n\u0101kamo 30 dienu laik\u0101 bez papildu maksas!<\/p>\n<ul>\n<li>Pievienojiet produktus iepirkumu groz\u0101.<\/li>\n<li>Apstipriniet pas\u016bt\u012bjumu, izv\u0113lieties <b>ESTO Maks\u0101 v\u0113l\u0101k<\/b> k\u0101 maks\u0101jumu metodi.<\/li>\n<li>\u0112rti parakstiet dar\u012bjumu, izmantojot Smart-ID vai savu internetbanku.<\/li>\n<li>Sa\u0146emiet preces nekav\u0113joties.<\/li>\n<li>\u0112rti maks\u0101jiet 30 dienu laik\u0101.<\/li>\n<li>Bez procentiem un papildu maksas.<\/li>\n<li>J\u016bs varat atp\u016bsties. ESTO j\u016bs inform\u0113s, kad ir j\u0101veic maks\u0101jums.<\/li>\n<\/ul>\n<p><em>GPL <b>Maks\u0101 v\u0113l\u0101k<\/b> ir 0 % gad\u0101 ar \u0161\u0101diem nosac\u012bjumiem: procenti 0 % gad\u0101, bez komisijas maksas.<\/em><\/p>\n<h2>ESTO 3 jeb SLICE<\/h2>\n<p>Maks\u0101juma veids, kas lauj samaks\u0101t par pas\u016bt\u012bjumu 3 vien\u0101dos maks\u0101jumos 3 m\u0113ne\u0161u laik\u0101 bez papildu izmaks\u0101m. Bez procentiem vai komisijas maksas.<\/p>\n<p>Izv\u0113laties maks\u0101t pa dal\u0101m ar <b>ESTO 3<\/b> maks\u0101jumu metodi:<\/p>\n<ul>\n<li>Pievienojiet produktus iepirkumu groz\u0101.<\/li>\n<li>Apstipriniet pas\u016bt\u012bjumu, izv\u0113lieties <b>ESTO 3<\/b> k\u0101 maks\u0101jumu metodi.<\/li>\n<li>\u0112rti parakstiet dar\u012bjumu, izmantojot Smart-ID vai savu internetbanku.<\/li>\n<\/ul>\n<p>Ja j\u016bs tr\u012bs m\u0113ne\u0161u laik\u0101 piln\u012bb\u0101 un savlaic\u012bgi apmaks\u0101siet iepirkumu groza izmaksas, jums netiks pievienoti nek\u0101di papildu maks\u0101jumi.<\/p>\n<p>Ikm\u0113ne\u0161a iemaksas summa tiek apr\u0113\u0137in\u0101ta, sadalot iepirkumu groza v\u0113rt\u012bbu tr\u012bs vien\u0101d\u0101s dal\u0101s.<\/p>\n<p>Minim\u0101l\u0101 iepirkumu groza summa, lai izmantotu <b>ESTO 3<\/b> ir 60 EUR.<\/p>\n<p><b>ESTO 3<\/b> var izmantot visi Latvijas Republikas rezidentiem vecum\u0101 no 18 l\u012bdz 70 gadiem.<\/p>\n<p><em><b>ESTO 3<\/b> gada procentu likmes maksa ir 0 %, ja tiek piem\u0113roti \u0161\u0101di mode\u013ca nosac\u012bjumi: procentu likme 0 %, nav citu maksu.<\/em><\/p>\n<p><small>Ja J\u016bs nesp\u0113siet veikt maks\u0101jumus saska\u0146\u0101 ar ESTO 3 grafiku, J\u016bsu ESTO 3 l\u012bgums tiks izbeigts, un J\u016bsu ESTO LV AS par\u0101da summa tiks uzskat\u012bta par kred\u012btu, kas iz\u0146emts saska\u0146\u0101 ar overdrafta l\u012bgumu, un tiks piem\u0113rotas papildu maksas saska\u0146\u0101 ar overdrafta l\u012bgumu.<\/small><\/p>\n<h2>ESTO l\u012bzings<\/h2>\n<p>Nev\u0113laties apmaks\u0101t visu summu uzreiz? Maks\u0101jiet pa dal\u0101m l\u012bdz pat 60 m\u0113ne\u0161iem!<\/p>\n<p><b>ESTO l\u012bzings<\/b> ir \u0101tra un loti \u0113rta maks\u0101jumu metode, kura sagatavos Jums maks\u0101jumu grafiku J\u016bsu izv\u0113l\u0113tajam maks\u0101jumu termi\u0146am. \u0160\u012b maks\u0101jumu metode pie\u0146em l\u0113mumu re\u0101llaik\u0101 un pal\u012bdz Jums pabeigt pirkumu maz\u0101k k\u0101 60 sekun\u017eu laik\u0101.<\/p>\n<p>Pievienojiet produktus iepirkumu groz\u0101, apstipriniet pas\u016bt\u012bjumu, izv\u0113lieties <b>ESTO l\u012bzings<\/b> k\u0101 maks\u0101jumu metodi un \u0113rti parakstiet dar\u012bjumu, izmantojot Smart-ID vai savu internetbanku.<\/p>\n<p>Katrs l\u012bzinga pirkums ir finansi\u0101las saist\u012bbas. Pirms l\u012bzinga pirkuma l\u012bguma parakst\u012b\u0161anas, l\u016bdzu, iepaz\u012bstieties ar attiec\u012bg\u0101 pakalpojuma noteikumiem un nosac\u012bjumiem un, ja nepiecie\u0161ams, konsult\u0113jieties ar speci\u0101listu.<\/p>\n<p><b>ESTO l\u012bzinga<\/b> standarta nosac\u012bjumi un noteikumi:<\/p>\n<ul>\n<li>Procentu likme s\u0101kot no 0%<\/li>\n<li>L\u012bguma maksa no 0 eiro.<\/li>\n<li>Termi\u0146\u0161 \u2013 l\u012bdz 60 m\u0113ne\u0161iem.<\/li>\n<\/ul>\n<p><b>ESTO l\u012bzings<\/b> ir pieejams visiem Latvijas Republikas rezidentiem vecum\u0101 no 18 l\u012bdz 70 gadiem.<\/p>\n<p><small><b>Piem\u0113rs:<\/b> aizdevuma summa 198 eiro, aizdevuma atmaksas termi\u0146\u0161 6 m\u0113ne\u0161i un fiks\u0113t\u0101 procentu likme 0,00 %, vienreizeja l\u012bguma maksa 10,00EUR, ikm\u0113ne\u0161a administr\u0113\u0161anas maksa 2,30 eiro gada procentu likme 50,44% ikm\u0113ne\u0161a maks\u0101jums 35,30 eiro, un kop\u0113j\u0101 summa, kas j\u0101atmaks\u0101 pat\u0113r\u0113t\u0101jam \u2013 221,80 eiro.<\/small><\/p>\n<p><b>Maks\u0101 v\u0113l\u0101k pakalpojumu, ESTO 3 maks\u0101jumu metodi un ESTO l\u012bzings maks\u0101jumu metodi nodro\u0161ina ESTO LV AS. E-pasts: <a href=\"&#x6d;&#97;&#105;l&#x74;&#x6f;&#58;i&#x6e;&#x66;&#111;&#64;&#x65;&#x73;&#116;o&#x2e;&#x6c;&#118;\">&#x69;&#110;&#102;&#x6f;&#x40;&#101;&#115;&#x74;&#x6f;&#46;&#108;&#x76;<\/a>, t\u0101lrunis: <a href=\"tel:0037166222250\">(+371) 662 222 50<\/a><\/b><\/p>\n<p><b>Ja jums ir k\u0101di jaut\u0101jumi vai neskaidr\u012bbas, aicin\u0101m sazin\u0101ties ar ESTO konsult\u0101ciju un klientu atbalsta centru <a href=\"https:\/\/www.esto.lv\/support\" target=\"_blank\" rel=\"noopener\">https:\/\/www.esto.lv\/support<\/a><\/b><\/p>\n","protected":false},"excerpt":{"rendered":"<p>P\u0113rc t\u016bl\u012bt, bet maks\u0101 v\u0113l\u0101k! Lai padar\u012btu iepirk\u0161anos m\u016bsu internetveikal\u0101 \u0113rt\u0101ku un pieejam\u0101ku ikvienam, pied\u0101v\u0101jam ESTO NOMAKSAS iesp\u0113ju! ESTO ir inovat\u012bvs un strauji augo\u0161s maks\u0101jumu un nomaksas risin\u0101jumu sniedz\u0113js ar liel\u0101ko partneru t\u012bklu vis\u0101 Baltij\u0101. Pakalpojumu var izmantot sev piem\u0113rot\u0101kaj\u0101 veid\u0101: ESTO \u2013 p\u0113rc tagad, maks\u0101 v\u0113l\u0101k! Maks\u0101 v\u0113l\u0101k \u2013 Jums tiek dots 30 dienu [&hellip;]<\/p>\n","protected":false},"author":1,"featured_media":0,"parent":0,"menu_order":0,"comment_status":"closed","ping_status":"closed","template":"","meta":{"_acf_changed":false,"footnotes":""},"class_list":["post-125426","page","type-page","status-publish","hentry"],"translation":{"provider":"WPGlobus","version":"3.0.2","language":"en","enabled_languages":["lv","en"],"languages":{"lv":{"title":true,"content":true,"excerpt":false},"en":{"title":false,"content":false,"excerpt":false}}},"acf":[],"aioseo_notices":[],"_links":{"self":[{"href":"https:\/\/talsuriepas.lv\/en\/wp-json\/wp\/v2\/pages\/125426","targetHints":{"allow":["GET"]}}],"collection":[{"href":"https:\/\/talsuriepas.lv\/en\/wp-json\/wp\/v2\/pages"}],"about":[{"href":"https:\/\/talsuriepas.lv\/en\/wp-json\/wp\/v2\/types\/page"}],"author":[{"embeddable":true,"href":"https:\/\/talsuriepas.lv\/en\/wp-json\/wp\/v2\/users\/1"}],"replies":[{"embeddable":true,"href":"https:\/\/talsuriepas.lv\/en\/wp-json\/wp\/v2\/comments?post=125426"}],"version-history":[{"count":3,"href":"https:\/\/talsuriepas.lv\/en\/wp-json\/wp\/v2\/pages\/125426\/revisions"}],"predecessor-version":[{"id":125439,"href":"https:\/\/talsuriepas.lv\/en\/wp-json\/wp\/v2\/pages\/125426\/revisions\/125439"}],"wp:attachment":[{"href":"https:\/\/talsuriepas.lv\/en\/wp-json\/wp\/v2\/media?parent=125426"}],"curies":[{"name":"wp","href":"https:\/\/api.w.org\/{rel}","templated":true}]}}