{"id":2,"date":"2018-02-06T12:34:51","date_gmt":"2018-02-06T12:34:51","guid":{"rendered":"https:\/\/talsuriepas.lv\/?page_id=2"},"modified":"2021-12-29T11:34:01","modified_gmt":"2021-12-29T09:34:01","slug":"sample-page-2","status":"publish","type":"page","link":"https:\/\/talsuriepas.lv\/en\/","title":{"rendered":"Home"},"content":{"rendered":"<p><strong>\u201cTalsu riepas\u201d \u2013 pla\u0161s riepu un disku kl\u0101sts (gan uz vietas veikal\u0101 Kr. Valdem\u0101ra 69, Talsi, gan internetveikal\u0101 talsuriepas.lv), profesion\u0101\u013cu konsult\u0101cijas un pilns riepu serviss ar vair\u0101k k\u0101 10 gadu pieredzi!<\/strong><\/p>\n<p><img loading=\"lazy\" decoding=\"async\" class=\"wp-image-112825 alignright\" src=\"https:\/\/talsuriepas.lv\/wp-content\/uploads\/2021\/12\/iStock-1284776529-scaled.jpg\" alt=\"\" width=\"512\" height=\"363\" \/><\/p>\n<p>Riepu serviss \u201cTalsu riepas\u201d savu darb\u012bbu s\u0101ka 2008. gad\u0101 mazas komandas sast\u0101v\u0101. Att\u012bst\u012bba un izaugsme notika strauji un turpin\u0101s katru gadu. \u0160obr\u012bd esam izaugu\u0161i l\u012bdz lielai komandai, ko veido savas nozares speci\u0101listi ar ilggad\u0113ju pieredzi un zin\u0101\u0161an\u0101m, kas katru gadu tiek papildin\u0101tas da\u017e\u0101dos kvalifik\u0101cijas cel\u0161anas kursos un semin\u0101ros. Ne maz\u0101k svar\u012bgi uzsv\u0113rt, ka \u201cTalsu riepas\u201d serviss ir apr\u012bkots ar modern\u0101kaj\u0101m ier\u012bc\u0113m riepu mont\u0101\u017eai un balans\u0113\u0161anai. Servisa apr\u012bkojums tiek regul\u0101ri atjaunots atbilsto\u0161i augo\u0161aj\u0101m automa\u0161\u012bnu tehniskaj\u0101m pras\u012bb\u0101m.<\/p>\n<p><strong>Nodro\u0161in\u0101m pilnu pakalpojumu kl\u0101stu, kas saist\u012bts ar auto rite\u0146iem<\/strong><\/p>\n<ul>\n<li>Riepu un disku tirdzniec\u012bba,<\/li>\n<li>mont\u0101\u017ea un balans\u0113\u0161ana,<\/li>\n<li>riepu un disku remonts (disku taisno\u0161ana, valc\u0113\u0161ana, metin\u0101\u0161ana),<\/li>\n<li>riepu rad\u017eo\u0161ana,<\/li>\n<li>spiediena sensoru programm\u0113\u0161ana.<\/li>\n<\/ul>\n<p><strong>Pied\u0101v\u0101jam pla\u0161u produktu izv\u0113li &#8211; da\u017e\u0101du Latvij\u0101 un pasaul\u0113 zin\u0101mu ra\u017eot\u0101ju riepas.<\/strong><\/p>\n<p>Kop\u0161 2010. gada darbojas ar\u012b internetveikals talsuriepas.lv, kur \u0113rti un \u0101tri iesp\u0113jams atrast tie\u0161i sev piem\u0113rot\u0101ko preci \u2013 riepas, diskus un to aksesu\u0101rus. Veicam ar\u012b pieg\u0101di vis\u0101 Latvij\u0101 bez maksas.<\/p>\n<p>Riepu servisam \u201cTalsu riepas\u201d ir sava noliktava, t\u0101p\u0113c, pas\u016btot riepas internet\u0101 talsuriepas.lv m\u0101jaslap\u0101, varat b\u016bt p\u0101rliecin\u0101ti, ka t\u0101s b\u016bs pieejamas par nor\u0101d\u012bto cenu. Mums ir ar\u012b liels sadarb\u012bbas partneru loks un iesp\u0113ja nodro\u0161in\u0101t pas\u016bt\u012bjumu riep\u0101m, kas nav uz vietas. Pas\u016bt\u0101mais kl\u0101sts ir prognoz\u0113jams, pateicoties ilgu gadu sadarb\u012bbai ar liel\u0101kaj\u0101m Eiropas vairumnoliktav\u0101m. Varam apmierin\u0101t gand\u012bz jebkuras klientu pras\u012bbas.<\/p>\n<p>P\u0113d\u0113jo gadu laik\u0101 esam ne vien nostiprin\u0101ju\u0161i savas nozares l\u012bdera poz\u012bcijas Talsos un apk\u0101rtn\u0113, bet turpin\u0101m veiksm\u012bgi virz\u012bties ar\u012b vis\u0101 Latvij\u0101s tirg\u016b \u2013 \u201cTalsu riepas\u201d internetveikal\u0101 talsuriepas.lv p\u0113rk un pas\u016bta gan viet\u0113jie, gan klienti no cit\u0101m Latvijas pils\u0113t\u0101m un novadiem.<\/p>\n<p><strong>\u201cTalsu riepas\u201d ir pla\u0161a patst\u0101v\u012bgo klientu b\u0101ze, kas nov\u0113rt\u0113 m\u016bsu servisa un produktu kvalitat\u012bvi, god\u012bgo attieksmi un klientam saprotamu un vienk\u0101r\u0161u komunik\u0101ciju.<\/strong><\/p>\n<p>M\u016bsu uz\u0146\u0113muma priorit\u0101te ir apmierin\u0101ts klients, t\u0101p\u0113c vienm\u0113r mekl\u0113jam katram person\u012bgi piem\u0113rot\u0101ko risin\u0101jumu, \u0146emot v\u0113r\u0101 gan v\u0113lmes, gan iesp\u0113jas.<\/p>\n","protected":false},"excerpt":{"rendered":"<p>\u201cTalsu riepas\u201d \u2013 pla\u0161s riepu un disku kl\u0101sts (gan uz vietas veikal\u0101 Kr. Valdem\u0101ra 69, Talsi, gan internetveikal\u0101 talsuriepas.lv), profesion\u0101\u013cu konsult\u0101cijas un pilns riepu serviss ar vair\u0101k k\u0101 10 gadu pieredzi! Riepu serviss \u201cTalsu riepas\u201d savu darb\u012bbu s\u0101ka 2008. gad\u0101 mazas komandas sast\u0101v\u0101. Att\u012bst\u012bba un izaugsme notika strauji un turpin\u0101s katru gadu. \u0160obr\u012bd esam izaugu\u0161i [&hellip;]<\/p>\n","protected":false},"author":1,"featured_media":0,"parent":0,"menu_order":0,"comment_status":"closed","ping_status":"closed","template":"","meta":{"_acf_changed":false,"footnotes":""},"class_list":["post-2","page","type-page","status-publish","hentry"],"translation":{"provider":"WPGlobus","version":"3.0.2","language":"en","enabled_languages":["lv","en"],"languages":{"lv":{"title":true,"content":true,"excerpt":false},"en":{"title":true,"content":false,"excerpt":false}}},"acf":[],"aioseo_notices":[],"_links":{"self":[{"href":"https:\/\/talsuriepas.lv\/en\/wp-json\/wp\/v2\/pages\/2","targetHints":{"allow":["GET"]}}],"collection":[{"href":"https:\/\/talsuriepas.lv\/en\/wp-json\/wp\/v2\/pages"}],"about":[{"href":"https:\/\/talsuriepas.lv\/en\/wp-json\/wp\/v2\/types\/page"}],"author":[{"embeddable":true,"href":"https:\/\/talsuriepas.lv\/en\/wp-json\/wp\/v2\/users\/1"}],"replies":[{"embeddable":true,"href":"https:\/\/talsuriepas.lv\/en\/wp-json\/wp\/v2\/comments?post=2"}],"version-history":[{"count":11,"href":"https:\/\/talsuriepas.lv\/en\/wp-json\/wp\/v2\/pages\/2\/revisions"}],"predecessor-version":[{"id":324424,"href":"https:\/\/talsuriepas.lv\/en\/wp-json\/wp\/v2\/pages\/2\/revisions\/324424"}],"wp:attachment":[{"href":"https:\/\/talsuriepas.lv\/en\/wp-json\/wp\/v2\/media?parent=2"}],"curies":[{"name":"wp","href":"https:\/\/api.w.org\/{rel}","templated":true}]}}