{"id":38,"date":"2018-02-20T13:49:07","date_gmt":"2018-02-20T11:49:07","guid":{"rendered":"https:\/\/talsuriepas.lv\/?page_id=38"},"modified":"2025-07-29T09:09:13","modified_gmt":"2025-07-29T06:09:13","slug":"kontakti","status":"publish","type":"page","link":"https:\/\/talsuriepas.lv\/en\/contacts\/","title":{"rendered":"Contacts"},"content":{"rendered":"<h2>SIA VALTEG<\/h2>\n<p>Re\u0123. Nr.: 41203033715<\/p>\n<p>PVN Re\u0123. Nr.: LV41203033715<\/p>\n<p>Juridisk\u0101 adrese: &#8220;Valteri\u0146i&#8221;, Jaunzemes, \u0122ibu\u013cu pagasts, Talsu novads, LV-3201, Latvia<\/p>\n<p>Faktisk\u0101 adrese: &#8220;Valteri\u0146i&#8221;, Jaunzemes, \u0122ibu\u013cu pagasts, Talsu novads, LV-3201, Latvia<\/p>\n<p>Banka: AS Swedbank<\/p>\n<p>Bankas konts: LV67HABA0551022273212<\/p>\n","protected":false},"excerpt":{"rendered":"<p>SIA VALTEG Re\u0123. Nr.: 41203033715 PVN Re\u0123. Nr.: LV41203033715 Juridisk\u0101 adrese: &#8220;Valteri\u0146i&#8221;, Jaunzemes, \u0122ibu\u013cu pagasts, Talsu novads, LV-3201, Latvia Faktisk\u0101 adrese: &#8220;Valteri\u0146i&#8221;, Jaunzemes, \u0122ibu\u013cu pagasts, Talsu novads, LV-3201, Latvia Banka: AS Swedbank Bankas konts: LV67HABA0551022273212<\/p>\n","protected":false},"author":1,"featured_media":0,"parent":0,"menu_order":0,"comment_status":"closed","ping_status":"closed","template":"_template_contact.php","meta":{"_acf_changed":false,"footnotes":""},"class_list":["post-38","page","type-page","status-publish","hentry"],"translation":{"provider":"WPGlobus","version":"3.0.2","language":"en","enabled_languages":["lv","en"],"languages":{"lv":{"title":true,"content":true,"excerpt":false},"en":{"title":true,"content":true,"excerpt":false}}},"acf":[],"aioseo_notices":[],"_links":{"self":[{"href":"https:\/\/talsuriepas.lv\/en\/wp-json\/wp\/v2\/pages\/38","targetHints":{"allow":["GET"]}}],"collection":[{"href":"https:\/\/talsuriepas.lv\/en\/wp-json\/wp\/v2\/pages"}],"about":[{"href":"https:\/\/talsuriepas.lv\/en\/wp-json\/wp\/v2\/types\/page"}],"author":[{"embeddable":true,"href":"https:\/\/talsuriepas.lv\/en\/wp-json\/wp\/v2\/users\/1"}],"replies":[{"embeddable":true,"href":"https:\/\/talsuriepas.lv\/en\/wp-json\/wp\/v2\/comments?post=38"}],"version-history":[{"count":20,"href":"https:\/\/talsuriepas.lv\/en\/wp-json\/wp\/v2\/pages\/38\/revisions"}],"predecessor-version":[{"id":324421,"href":"https:\/\/talsuriepas.lv\/en\/wp-json\/wp\/v2\/pages\/38\/revisions\/324421"}],"wp:attachment":[{"href":"https:\/\/talsuriepas.lv\/en\/wp-json\/wp\/v2\/media?parent=38"}],"curies":[{"name":"wp","href":"https:\/\/api.w.org\/{rel}","templated":true}]}}